{"id":664,"date":"2020-04-16T13:53:53","date_gmt":"2020-04-16T11:53:53","guid":{"rendered":"https:\/\/corbeil-essonnes-environnement.org\/?page_id=664"},"modified":"2024-05-09T09:21:21","modified_gmt":"2024-05-09T07:21:21","slug":"664-2","status":"publish","type":"page","link":"https:\/\/corbeil-essonnes-environnement.org\/?page_id=664","title":{"rendered":"D\u00e9chets"},"content":{"rendered":"<div class=\"wpb-content-wrapper\"><p>[vc_row][\/vc_row][vc_column][\/vc_column][vc_column_text css=\u00a0\u00bb.vc_custom_1588082839147{margin-top: 20px !important;}\u00a0\u00bb]<\/p>\n<div class=\"TabbedPanelsContent TabbedPanelsContentVisible\">\n<h3><a id=\"evep2013\" name=\"evep2013\"><\/a><\/h3>\n<p>&nbsp;<\/p>\n<ul>\n<li>23 mars 2024 : l&rsquo;association est pr\u00e9sente au parc de Robinson et propose des jeux sur le th\u00e8me de la nature \/ tout public<\/li>\n<\/ul>\n<p><img loading=\"lazy\" decoding=\"async\" class=\" wp-image-2576 aligncenter\" src=\"https:\/\/corbeil-essonnes-environnement.org\/wp-content\/uploads\/2024\/03\/2024_0323_site-2-1024x683.jpg\" alt=\"\" width=\"690\" height=\"460\" srcset=\"https:\/\/corbeil-essonnes-environnement.org\/wp-content\/uploads\/2024\/03\/2024_0323_site-2-1024x683.jpg 1024w, https:\/\/corbeil-essonnes-environnement.org\/wp-content\/uploads\/2024\/03\/2024_0323_site-2-300x200.jpg 300w, https:\/\/corbeil-essonnes-environnement.org\/wp-content\/uploads\/2024\/03\/2024_0323_site-2-768x512.jpg 768w, https:\/\/corbeil-essonnes-environnement.org\/wp-content\/uploads\/2024\/03\/2024_0323_site-2-1320x880.jpg 1320w, https:\/\/corbeil-essonnes-environnement.org\/wp-content\/uploads\/2024\/03\/2024_0323_site-2.jpg 1500w\" sizes=\"auto, (max-width: 690px) 100vw, 690px\" \/><\/p>\n<ul>\n<li>4 f\u00e9vrier : Cirque Naturel de l&rsquo;Essonne , zone humide : l<span style=\"color: #0000a0;\">es gros travaux de nettoyage sont termin\u00e9s, il reste des petits d\u00e9chets qu&rsquo;il est pr\u00e9f\u00e9rable d&rsquo;enlever pour la bonne sant\u00e9 de la zone humide, sol, flore, faune et son r\u00f4le hydraulique\u00a0 <\/span>:<a href=\"https:\/\/corbeil-essonnes-environnement.org\/wp-content\/uploads\/2023\/01\/Operation-de-nettoyage-du-Cirque-Naturel-de-l.pdf\" target=\"_blank\" rel=\"noopener\"><img loading=\"lazy\" decoding=\"async\" class=\"wp-image-2255 aligncenter\" src=\"https:\/\/corbeil-essonnes-environnement.org\/wp-content\/uploads\/2023\/01\/20230204_flyer-SIARCE-Nettoyage-Zh-Cirque-Essonne-V6-731x1024.jpg\" alt=\"\" width=\"457\" height=\"640\" srcset=\"https:\/\/corbeil-essonnes-environnement.org\/wp-content\/uploads\/2023\/01\/20230204_flyer-SIARCE-Nettoyage-Zh-Cirque-Essonne-V6-731x1024.jpg 731w, https:\/\/corbeil-essonnes-environnement.org\/wp-content\/uploads\/2023\/01\/20230204_flyer-SIARCE-Nettoyage-Zh-Cirque-Essonne-V6-214x300.jpg 214w, https:\/\/corbeil-essonnes-environnement.org\/wp-content\/uploads\/2023\/01\/20230204_flyer-SIARCE-Nettoyage-Zh-Cirque-Essonne-V6-768x1075.jpg 768w, https:\/\/corbeil-essonnes-environnement.org\/wp-content\/uploads\/2023\/01\/20230204_flyer-SIARCE-Nettoyage-Zh-Cirque-Essonne-V6.jpg 842w\" sizes=\"auto, (max-width: 457px) 100vw, 457px\" \/><\/a><\/li>\n<\/ul>\n<h3>2014 &#8211; 2015 &#8211; Programme Local de Pr\u00e9vention de D\u00e9chets<\/h3>\n<ul>\n<li>Le PLPD \u00ab\u00a0Programme Local de Pr\u00e9vention de D\u00e9chets\u00a0\u00bb est en phase de d\u00e9finition au niveau de la communaut\u00e9 d&rsquo;agglom\u00e9ration Seine Essonne et sera prochainement document\u00e9. Son objectif est de r\u00e9duite de 7 % la production d&rsquo;ordures m\u00e9nag\u00e8res et assimil\u00e9s par habitant pendant les 5 prochaines ann\u00e9es. Il fait suite au Grenelle 1. CEE participe au comit\u00e9 de pilotage du programme et sera impliqu\u00e9 dans plusieurs actions.<\/li>\n<li>le 7 d\u00e9cembre 2015 : l&rsquo;agglom\u00e9ration (CASE) fait le point sur le <a href=\"http:\/\/www.confluence-91.org\/CEE_site\/Dechets\/20151207 Pilotage prevention des dechets.pdf\" target=\"_new\" rel=\"noopener noreferrer\">programme de pr\u00e9vention des d\u00e9chets<\/a><\/li>\n<li>Programme Local de Pr\u00e9vention des D\u00e9chets (PLPD) : <a href=\"http:\/\/www.confluence-91.org\/CEE_site\/Dechets\/20140626 Bilan et CR du comite 26 sept 2015.pdf\" target=\"_new\" rel=\"noopener noreferrer\">compte rendu<\/a> du comit\u00e9 de pilotage du 26 sept 2014<\/li>\n<\/ul>\n<ul>\n<li>2014 :\n<ul>\n<li>la \u00ab\u00a0<a href=\"http:\/\/www.confluence-91.org\/CEE_site\/Dechets\/20140908 flyer fabrique a neuf.pdf\" target=\"_new\" rel=\"noopener noreferrer\">Fabrique \u00e0 Neuf<\/a>\u00a0\u00bb ouvre en septembre 2014, elle recycle, elle valorise. Elle fermera fin 2019.<\/li>\n<li>Ouverture des inscriptions \u00e0 la <a href=\"http:\/\/www.confluence-91.org\/CEE_site\/Dechets\/OUVERTURE DES INSCRIPTIONS A LA SEMAINE EUROPEENNE DE REDUCTION DES DECHETS 2014.pdf\" target=\"_new\" rel=\"noopener noreferrer\">semaine europ\u00e9enne<\/a> des d\u00e9chets du 22 au 30 novembre 2014.<\/li>\n<\/ul>\n<\/li>\n<\/ul>\n<p>&nbsp;<\/p>\n<ul>\n<li>La collecte des d\u00e9chets est assur\u00e9e par l\u2019agglo GPS, la propret\u00e9 urbaine est du ressort de la commune.<\/li>\n<\/ul>\n<\/div>\n<p>[\/vc_column_text]<\/p>\n<\/div>","protected":false},"excerpt":{"rendered":"<p>[vc_row][\/vc_row][vc_column][\/vc_column][vc_column_text css=\u00a0\u00bb.vc_custom_1588082839147{margin-top: 20px !important;}\u00a0\u00bb] &nbsp; 23 mars 2024 : l&rsquo;association est pr\u00e9sente au parc de Robinson et propose des jeux sur le th\u00e8me de la nature \/ tout public 4 f\u00e9vrier : Cirque Naturel de l&rsquo;Essonne , zone humide : les gros travaux de nettoyage sont termin\u00e9s, il reste des petits d\u00e9chets qu&rsquo;il est pr\u00e9f\u00e9rable<br \/><a href=\"https:\/\/corbeil-essonnes-environnement.org\/?page_id=664\" class=\"more\">Lire la suite<\/a><\/p>\n","protected":false},"author":1,"featured_media":0,"parent":0,"menu_order":0,"comment_status":"closed","ping_status":"closed","template":"","meta":{"footnotes":""},"class_list":["post-664","page","type-page","status-publish","hentry"],"_links":{"self":[{"href":"https:\/\/corbeil-essonnes-environnement.org\/index.php?rest_route=\/wp\/v2\/pages\/664","targetHints":{"allow":["GET"]}}],"collection":[{"href":"https:\/\/corbeil-essonnes-environnement.org\/index.php?rest_route=\/wp\/v2\/pages"}],"about":[{"href":"https:\/\/corbeil-essonnes-environnement.org\/index.php?rest_route=\/wp\/v2\/types\/page"}],"author":[{"embeddable":true,"href":"https:\/\/corbeil-essonnes-environnement.org\/index.php?rest_route=\/wp\/v2\/users\/1"}],"replies":[{"embeddable":true,"href":"https:\/\/corbeil-essonnes-environnement.org\/index.php?rest_route=%2Fwp%2Fv2%2Fcomments&post=664"}],"version-history":[{"count":3,"href":"https:\/\/corbeil-essonnes-environnement.org\/index.php?rest_route=\/wp\/v2\/pages\/664\/revisions"}],"predecessor-version":[{"id":2755,"href":"https:\/\/corbeil-essonnes-environnement.org\/index.php?rest_route=\/wp\/v2\/pages\/664\/revisions\/2755"}],"wp:attachment":[{"href":"https:\/\/corbeil-essonnes-environnement.org\/index.php?rest_route=%2Fwp%2Fv2%2Fmedia&parent=664"}],"curies":[{"name":"wp","href":"https:\/\/api.w.org\/{rel}","templated":true}]}}