{"id":598,"date":"2020-04-15T21:07:35","date_gmt":"2020-04-15T19:07:35","guid":{"rendered":"https:\/\/corbeil-essonnes-environnement.org\/?page_id=598"},"modified":"2020-04-17T20:53:30","modified_gmt":"2020-04-17T18:53:30","slug":"amenegement-bd-kennedy-rue-de-la-papeterie","status":"publish","type":"page","link":"https:\/\/corbeil-essonnes-environnement.org\/?page_id=598","title":{"rendered":"Am\u00e9n\u00e9gement Bd Kennedy &#038; rue de la papeterie"},"content":{"rendered":"<div class=\"wpb-content-wrapper\"><p>[vc_row][vc_column][vc_column_text css=\u00a0\u00bb.vc_custom_1587149601216{margin-top: -80px !important;}\u00a0\u00bb]<\/p>\n<div class=\"TabbedPanelsContent TabbedPanelsContentVisible\">\n<p>2013 :<\/p>\n<ul>\n<li>Le 25 mai, FCDE (F\u00e9d\u00e9ration des Circulations Douces en Essonne) et CEE font un <a href=\"http:\/\/www.confluence-91.org\/CEE_site\/Rue de la Papeterie\/20130525 Corbeil Maire Papeterie-CCE.pdf\" target=\"_new\" rel=\"noopener noreferrer\">recours<\/a> aupr\u00e8s du pr\u00e9sident de la CASE sur la non-conformit\u00e9 de l&rsquo;am\u00e9nagement des voies rue de la Papeterie. Voir les photos <a href=\"http:\/\/www.confluence-91.org\/CEE_site\/Rue de la Papeterie\/20130525 PHOTOS-PAPETERIE-1-recours-def.pdf\" target=\"_new\" rel=\"noopener noreferrer\">1<\/a> &amp; <a href=\"http:\/\/www.confluence-91.org\/CEE_site\/Rue de la Papeterie\/20130525 PHOTOS-PAPETERIE-2-accessibilit\u00e9.pdf\" target=\"_new\" rel=\"noopener noreferrer\">2<\/a><\/li>\n<li>Le 13 juin, a<a href=\"http:\/\/www.confluence-91.org\/CEE_site\/Tramway T7\/20130613 avis final FCDE prolgtT7 Juvisy.pdf\" target=\"_new\" rel=\"noopener noreferrer\">vis<\/a> de la f\u00e9d\u00e9ration FCDE sur le prolongement du T7 jusqu&rsquo;\u00e0 Juvisy sur Orge.<\/li>\n<li>Le 2 septembre, a<a href=\"http:\/\/www.confluence-91.org\/CEE_site\/PLU_ZAC_Glaises_SDRIF_SMITEC\/20130902_SDRIF_Avis_Enquete_02_sept_13.pdf\" target=\"_new\" rel=\"noopener noreferrer\">vis<\/a> de la la f\u00e9d\u00e9ration FCDE sur le prolongement du tramway T7 jusqu&rsquo;\u00e0 Juvisy sur Orge.<\/li>\n<\/ul>\n<p>2012 :<\/p>\n<ul>\n<li>Le 11 juillet, la CASE <a href=\"http:\/\/www.confluence-91.org\/CEE_site\/110323 Bd Kennedy piste et troittoirs\/20120711 CASE C-R REUNION 11 07 12 ASSOCIATIONS BD J KENNEDY A CORBEIL ESSONNES.pdf\" target=\"_blank\" rel=\"noopener noreferrer\">constate<\/a> une situation bloqu\u00e9e concernant les am\u00e9nagements pi\u00e8tons, cycles, PMR<\/li>\n<li>Le 14 septembre, CEE &amp; FCDE admette un <a href=\"http:\/\/www.confluence-91.org\/CEE_site\/110323 Bd Kennedy piste et troittoirs\/20120914 CEE FCDE au president CASE compromis Bd Kennedy.pdf\" target=\"_blank\" rel=\"noopener noreferrer\">compromis<\/a> devant la position formelle de la CASE et du maire<\/li>\n<li>Le 13 novembre, une nouvelle r\u00e9union au Conseil G\u00e9n\u00e9ral arrive \u00e0 une solution : la premi\u00e8re phase est modifi\u00e9e avec des bandes cyclables sur la route<\/li>\n<\/ul>\n<p>2011 :<\/p>\n<ul>\n<li>Le 22 mars, <a href=\"http:\/\/www.confluence-91.org\/CEE_site\/110323 Bd Kennedy piste et troittoirs\/110323 Lettre piste cyclables Bd Kennedy FCDE CEE Maire.pdf\" target=\"_blank\" rel=\"noopener noreferrer\">courrier commun<\/a> de FCDE &amp; CEE constatant la non conformit\u00e9 des am\u00e9nagements des voies pi\u00e9ton, cycliste, PMR sur le Bd Kennedy.<\/li>\n<li>Le 11 avril, le Conseil G\u00e9n\u00e9ral <a href=\"http:\/\/www.confluence-91.org\/CEE_site\/110323 Bd Kennedy piste et troittoirs\/20110411 CG amenagement kennedy 1.pdf\" target=\"_blank\" rel=\"noopener noreferrer\">confirme<\/a> la r\u00e9-\u00e9tude des am\u00e9nagements.<\/li>\n<li>Le 13 mai, le pr\u00e9fet <a href=\"http:\/\/www.confluence-91.org\/CEE_site\/110323 Bd Kennedy piste et troittoirs\/20110513 Kennedy_Prefet_copie.pdf\" target=\"_new\" rel=\"noopener noreferrer\">rappelle<\/a> au pr\u00e9sident de la CASE les obligations en mati\u00e8re d&rsquo;am\u00e9nagement.<\/li>\n<li>Le 6 juillet, R\u00e9union de la Communaut\u00e9 d&rsquo;Agglom\u00e9ration CASE avec les associations et <a href=\"http:\/\/www.confluence-91.org\/CEE_site\/110323 Bd Kennedy piste et troittoirs\/20110706 Bd Kennedy compte rendu.pdf\" target=\"_blank\" rel=\"noopener noreferrer\">compte rendu<\/a>.<\/li>\n<li>Le 3 novembre, M. Bechter, pr\u00e9sident de la CASE (Communaut\u00e9 d&rsquo;Agglom\u00e9ration Seine Essonne)\u00a0 <a href=\"http:\/\/www.confluence-91.org\/CEE_site\/110323 Bd Kennedy piste et troittoirs\/20111103 Bechter confirme travaux amenagement Bd Kennedy.pdf\" target=\"_new\" rel=\"noopener noreferrer\">confirme<\/a> \u00e0 CEE les conclusions de la r\u00e9union du 6 juillet et la r\u00e9alisation des am\u00e9nagements.<\/li>\n<\/ul>\n<\/div>\n<p>[\/vc_column_text][\/vc_column][\/vc_row]<\/p>\n<\/div>","protected":false},"excerpt":{"rendered":"<p>[vc_row][vc_column][vc_column_text css=\u00a0\u00bb.vc_custom_1587149601216{margin-top: -80px !important;}\u00a0\u00bb] 2013 : Le 25 mai, FCDE (F\u00e9d\u00e9ration des Circulations Douces en Essonne) et CEE font un recours aupr\u00e8s du pr\u00e9sident de la CASE sur la non-conformit\u00e9 de l&rsquo;am\u00e9nagement des voies rue de la Papeterie. Voir les photos 1 &amp; 2 Le 13 juin, avis de la f\u00e9d\u00e9ration FCDE sur le prolongement<br \/><a href=\"https:\/\/corbeil-essonnes-environnement.org\/?page_id=598\" class=\"more\">Lire la suite<\/a><\/p>\n","protected":false},"author":1,"featured_media":0,"parent":0,"menu_order":0,"comment_status":"closed","ping_status":"closed","template":"","meta":{"footnotes":""},"class_list":["post-598","page","type-page","status-publish","hentry"],"_links":{"self":[{"href":"https:\/\/corbeil-essonnes-environnement.org\/index.php?rest_route=\/wp\/v2\/pages\/598","targetHints":{"allow":["GET"]}}],"collection":[{"href":"https:\/\/corbeil-essonnes-environnement.org\/index.php?rest_route=\/wp\/v2\/pages"}],"about":[{"href":"https:\/\/corbeil-essonnes-environnement.org\/index.php?rest_route=\/wp\/v2\/types\/page"}],"author":[{"embeddable":true,"href":"https:\/\/corbeil-essonnes-environnement.org\/index.php?rest_route=\/wp\/v2\/users\/1"}],"replies":[{"embeddable":true,"href":"https:\/\/corbeil-essonnes-environnement.org\/index.php?rest_route=%2Fwp%2Fv2%2Fcomments&post=598"}],"version-history":[{"count":1,"href":"https:\/\/corbeil-essonnes-environnement.org\/index.php?rest_route=\/wp\/v2\/pages\/598\/revisions"}],"predecessor-version":[{"id":2695,"href":"https:\/\/corbeil-essonnes-environnement.org\/index.php?rest_route=\/wp\/v2\/pages\/598\/revisions\/2695"}],"wp:attachment":[{"href":"https:\/\/corbeil-essonnes-environnement.org\/index.php?rest_route=%2Fwp%2Fv2%2Fmedia&parent=598"}],"curies":[{"name":"wp","href":"https:\/\/api.w.org\/{rel}","templated":true}]}}