{"id":488,"date":"2020-04-14T21:13:13","date_gmt":"2020-04-14T19:13:13","guid":{"rendered":"https:\/\/corbeil-essonnes-environnement.org\/?page_id=488"},"modified":"2020-04-14T21:28:50","modified_gmt":"2020-04-14T19:28:50","slug":"zac-de-la-montagne-des-glaises","status":"publish","type":"page","link":"https:\/\/corbeil-essonnes-environnement.org\/?page_id=488","title":{"rendered":"ZAC de la Montagne des Glaises"},"content":{"rendered":"<div class=\"wpb-content-wrapper\"><p>[vc_row][vc_column][vc_column_text css=\u00a0\u00bb.vc_custom_1586892527154{margin-top: -80px !important;}\u00a0\u00bb]<\/p>\n<h3><span id=\"hets\"><b>Enqu\u00eate publique de r\u00e9vision du PLU &#8211; ZAC de la Montagne des Glaises<\/b> &#8211; Octobre 2008<\/span><\/h3>\n<blockquote>\n<ul>\n<li><span id=\"hets\">Le 3 octobre 2008, CEE a communiqu\u00e9 ses observations \u00e0 M. le commissaire enqu\u00eateur:<\/span> <span id=\"hets\">L\u2019association CEE, formule les trois observations suivantes\u00a0:<\/span>\n<ol>\n<li><span id=\"hets\">La compensation des Zones N, class\u00e9es d\u2019int\u00e9r\u00eat r\u00e9gional au SDRIF de 1994 n\u2019est que virtuelle. Les zones compens\u00e9es ne sont pas de m\u00eame nature : bordure de francilienne, abords du trajet TCSP, enfin le r\u00e9siduel n\u2019est plus accessible aux habitants du quartier.<\/span><\/li>\n<li><span id=\"hets\">Le d\u00e9senclavement du quartier annonc\u00e9 dans le rapport de pr\u00e9sentation ne comporte aucun \u00e9l\u00e9ment visible ou lisible pour les 600 logements projet\u00e9s. L\u2019atout que repr\u00e9sente la proximit\u00e9 de la gare SNCF n\u2019est pas exploit\u00e9 et m\u00eame entrav\u00e9 par la suppression du seul parking existant proche de la gare.<\/span><\/li>\n<li><span id=\"hets\">Les risques g\u00e9otechniques identifi\u00e9s et certains ne font l\u2019objet d\u2019aucune mesure de pr\u00e9caution.<\/span><\/li>\n<\/ol>\n<\/li>\n<li><span id=\"hets\">Lire <a href=\"http:\/\/www.confluence-91.org\/CEE_site\/PLU_ZAC_Glaises_SDRIF_SMITEC\/20081012_ZACGLAISES-avisCEE.pdf\" target=\"_blank\" rel=\"noopener noreferrer\">l&rsquo;avis<\/a> complet de l&rsquo;association communiqu\u00e9 au commissaire enqu\u00eateur, et le <a href=\"http:\/\/www.confluence-91.org\/CEE_site\/PLU_ZAC_Glaises_SDRIF_SMITEC\/20081117_Corbeil-Essonnes-revision simplifiee PLU Oct2008 avis commissaire.pdf\" target=\"_blank\" rel=\"noopener noreferrer\">rapport<\/a> (favorable) de celui-ci.<\/span> <span id=\"hets\">Le commissaire enqu\u00eateur consid\u00e8re les zones N actuelles comme des friches sans valeur environnementale. L&rsquo;association estime qu&rsquo;il m\u00e9connait le r\u00f4le de ces zones. Il reprend notre point sur le d\u00e9senclavement et la circulation. Quant aux risques li\u00e9s aux terrains, il estime que ce n&rsquo;est pas l&rsquo;objet de ce document, et repousse le probl\u00e8me vers les constructeurs. Nous contestons son analyse et communiquons notre position \u00e0 monsieur le pr\u00e9fet de l&rsquo;Essonne (<a href=\"http:\/\/www.confluence-91.org\/CEE_site\/PLU_ZAC_Glaises_SDRIF_SMITEC\/20081104 lettre_au_prefet_ZAC_Glaises.pdf\" target=\"_blank\" rel=\"noopener noreferrer\">Lettre<\/a>). La pr\u00e9fecture de l&rsquo;Essonne \u00e9met une position favorable \u00e0 cette r\u00e9vision, tout en constatant des ill\u00e9galit\u00e9s et des points qui doivent \u00eatre pris en compte, lire le <a href=\"http:\/\/www.confluence-91.org\/CEE_site\/PLU_ZAC_Glaises_SDRIF_SMITEC\/20090308_CEE avis PLU 2009.pdf\" target=\"_blank\" rel=\"noopener noreferrer\">relev\u00e9<\/a> des observations de la pr\u00e9fecture.<\/span><\/li>\n<li><span id=\"hets\"> Janvier 2010 : Lire l&rsquo;<a href=\"http:\/\/www.confluence-91.org\/CEE_site\/PLU_ZAC_Glaises_SDRIF_SMITEC\/201001 Glaises et fissures a Juvisy.pdf\" target=\"_blank\" rel=\"noopener noreferrer\">article<\/a> parue dans la presse suite \u00e0 d&rsquo;importantes anomalies dans des constructions sur les glaises de Juvisy.<\/span><\/li>\n<li>Par arr\u00eat\u00e9 pr\u00e9fectoral du 25 janvier 2012, le pr\u00e9fet de l&rsquo;Essonne a ordonn\u00e9, en application du code de l&rsquo;expropriation pour cause d&rsquo;utilit\u00e9 publique, l&rsquo;ouverture des enqu\u00eates publiques pr\u00e9alables \u00e0 la r\u00e9alisation du projet d&rsquo;am\u00e9nagement de la Z.A.C. de la Montagne des Glaises sur le territoire de la commune de Corbeil-Essonnes. L&rsquo;enqu\u00eate publique a eu lieu du 20 f\u00e9vrier au 26 mars 2012. L&rsquo;enqu\u00eate publique s&rsquo;est termin\u00e9e le 26 mars 2012, lire l&rsquo;<a href=\"http:\/\/www.confluence-91.org\/CEE_site\/PLU_ZAC_Glaises_SDRIF_SMITEC\/120326 Avis CEE DUP ZAC Glaises.pdf\" target=\"_new\" rel=\"noopener noreferrer\">avis de CEE<\/a> remis au commissaire enqu\u00eateur et lire son <a href=\"http:\/\/www.confluence-91.org\/CEE_site\/PLU_ZAC_Glaises_SDRIF_SMITEC\/20120420 montagne des glaises - RapportCommissaire enqueteur.pdf\" target=\"_new\" rel=\"noopener noreferrer\">rapport<\/a> en date du 20 avril 2012, ainsi qu&rsquo;un <a href=\"http:\/\/www.confluence-91.org\/CEE_site\/PLU_ZAC_Glaises_SDRIF_SMITEC\/20120504 Le Parisien - Montagne des Glaises.pdf\" target=\"_new\" rel=\"noopener noreferrer\">article<\/a> paru dans le R\u00e9publicain du 4 mai 2012.<\/li>\n<li>Lire la <a href=\"http:\/\/www.corbeil-infos.fr\/corbeil-montagne-des-glaises-les-craintes-de-corbeil-essonnes-environnement-040412-681.html\" target=\"_blank\" rel=\"noopener noreferrer\">publication<\/a> de Corbeil-infos sur la position de CEE en date du 4 avril 2012<\/li>\n<li>15 f\u00e9vrier 2019 : CEE \u00e9met un<a href=\"http:\/\/www.confluence-91.org\/CEE_site\/PLU_ZAC_Glaises_SDRIF_SMITEC\/20190215 Avis C-E-E enquete publique declassement domaine public ZAC Montagne des glaises.pdf\" target=\"_new\" rel=\"noopener noreferrer\"> avis<\/a> sur l&rsquo;enqu\u00eate publique de d\u00e9classement domaine public ZAC Montagne des glaises<\/li>\n<\/ul>\n<\/blockquote>\n<p>[\/vc_column_text][\/vc_column][\/vc_row]<\/p>\n<\/div>","protected":false},"excerpt":{"rendered":"<p>[vc_row][vc_column][vc_column_text css=\u00a0\u00bb.vc_custom_1586892527154{margin-top: -80px !important;}\u00a0\u00bb] Enqu\u00eate publique de r\u00e9vision du PLU &#8211; ZAC de la Montagne des Glaises &#8211; Octobre 2008 Le 3 octobre 2008, CEE a communiqu\u00e9 ses observations \u00e0 M. le commissaire enqu\u00eateur: L\u2019association CEE, formule les trois observations suivantes\u00a0: La compensation des Zones N, class\u00e9es d\u2019int\u00e9r\u00eat r\u00e9gional au SDRIF de 1994 n\u2019est que<br \/><a href=\"https:\/\/corbeil-essonnes-environnement.org\/?page_id=488\" class=\"more\">Lire la suite<\/a><\/p>\n","protected":false},"author":1,"featured_media":0,"parent":0,"menu_order":0,"comment_status":"closed","ping_status":"closed","template":"","meta":{"footnotes":""},"class_list":["post-488","page","type-page","status-publish","hentry"],"_links":{"self":[{"href":"https:\/\/corbeil-essonnes-environnement.org\/index.php?rest_route=\/wp\/v2\/pages\/488","targetHints":{"allow":["GET"]}}],"collection":[{"href":"https:\/\/corbeil-essonnes-environnement.org\/index.php?rest_route=\/wp\/v2\/pages"}],"about":[{"href":"https:\/\/corbeil-essonnes-environnement.org\/index.php?rest_route=\/wp\/v2\/types\/page"}],"author":[{"embeddable":true,"href":"https:\/\/corbeil-essonnes-environnement.org\/index.php?rest_route=\/wp\/v2\/users\/1"}],"replies":[{"embeddable":true,"href":"https:\/\/corbeil-essonnes-environnement.org\/index.php?rest_route=%2Fwp%2Fv2%2Fcomments&post=488"}],"version-history":[{"count":0,"href":"https:\/\/corbeil-essonnes-environnement.org\/index.php?rest_route=\/wp\/v2\/pages\/488\/revisions"}],"wp:attachment":[{"href":"https:\/\/corbeil-essonnes-environnement.org\/index.php?rest_route=%2Fwp%2Fv2%2Fmedia&parent=488"}],"curies":[{"name":"wp","href":"https:\/\/api.w.org\/{rel}","templated":true}]}}