{"id":42,"date":"2019-09-25T18:13:36","date_gmt":"2019-09-25T16:13:36","guid":{"rendered":"https:\/\/corbeil-essonnes-environnement.org\/?page_id=42"},"modified":"2020-04-13T15:36:16","modified_gmt":"2020-04-13T13:36:16","slug":"politique-de-confidentialite-2","status":"publish","type":"page","link":"https:\/\/corbeil-essonnes-environnement.org\/?page_id=42","title":{"rendered":"Protection des donn\u00e9es personnelles"},"content":{"rendered":"<div class=\"wpb-content-wrapper\"><p>[vc_row][vc_column width=\u00a0\u00bb1\/2&Prime;][vc_column_text css=\u00a0\u00bb.vc_custom_1586507915115{margin-top: -80px !important;}\u00a0\u00bb]L&rsquo;association Corbeil-Essonnes-Environnement enregistre<\/p>\n<p>les donn\u00e9es personnelles suivantes :<\/p>\n<ul>\n<li>nom, pr\u00e9nom, adresse postale<\/li>\n<li>adresse courriel, num\u00e9ro de t\u00e9l\u00e9phone, statut au regard de l&rsquo;association : adh\u00e9rents, sympathisants ou simple contact<\/li>\n<\/ul>\n<p>Ces donn\u00e9es sont exclusivement utilis\u00e9es par l&rsquo;association aux fins de communication par courriel, courrier ou t\u00e9l\u00e9phone.<\/p>\n<p>L&rsquo;association ne communique pas ces donn\u00e9es en dehors de l&rsquo;association.<\/p>\n<p>Toute personne peut demander la suppression de ses donn\u00e9es personnelles par simple demande \u00e0 l&rsquo;adresse mail de l&rsquo;association et son retrait des listes de distribution[\/vc_column_text][\/vc_column][vc_column width=\u00a0\u00bb1\/2&Prime; css=\u00a0\u00bb.vc_custom_1586507750196{margin-top: -80px !important;}\u00a0\u00bb][vc_single_image image=\u00a0\u00bb10&Prime; img_size=\u00a0\u00bblarge\u00a0\u00bb alignment=\u00a0\u00bbcenter\u00a0\u00bb][\/vc_column][\/vc_row]<\/p>\n<\/div>","protected":false},"excerpt":{"rendered":"<p>[vc_row][vc_column width=\u00a0\u00bb1\/2&Prime;][vc_column_text css=\u00a0\u00bb.vc_custom_1586507915115{margin-top: -80px !important;}\u00a0\u00bb]L&rsquo;association Corbeil-Essonnes-Environnement enregistre les donn\u00e9es personnelles suivantes : nom, pr\u00e9nom, adresse postale adresse courriel, num\u00e9ro de t\u00e9l\u00e9phone, statut au regard de l&rsquo;association : adh\u00e9rents, sympathisants ou simple contact Ces donn\u00e9es sont exclusivement utilis\u00e9es par l&rsquo;association aux fins de communication par courriel, courrier ou t\u00e9l\u00e9phone. L&rsquo;association ne communique pas ces donn\u00e9es en<br \/><a href=\"https:\/\/corbeil-essonnes-environnement.org\/?page_id=42\" class=\"more\">Lire la suite<\/a><\/p>\n","protected":false},"author":1,"featured_media":0,"parent":0,"menu_order":21,"comment_status":"closed","ping_status":"closed","template":"","meta":{"footnotes":""},"class_list":["post-42","page","type-page","status-publish","hentry"],"_links":{"self":[{"href":"https:\/\/corbeil-essonnes-environnement.org\/index.php?rest_route=\/wp\/v2\/pages\/42","targetHints":{"allow":["GET"]}}],"collection":[{"href":"https:\/\/corbeil-essonnes-environnement.org\/index.php?rest_route=\/wp\/v2\/pages"}],"about":[{"href":"https:\/\/corbeil-essonnes-environnement.org\/index.php?rest_route=\/wp\/v2\/types\/page"}],"author":[{"embeddable":true,"href":"https:\/\/corbeil-essonnes-environnement.org\/index.php?rest_route=\/wp\/v2\/users\/1"}],"replies":[{"embeddable":true,"href":"https:\/\/corbeil-essonnes-environnement.org\/index.php?rest_route=%2Fwp%2Fv2%2Fcomments&post=42"}],"version-history":[{"count":0,"href":"https:\/\/corbeil-essonnes-environnement.org\/index.php?rest_route=\/wp\/v2\/pages\/42\/revisions"}],"wp:attachment":[{"href":"https:\/\/corbeil-essonnes-environnement.org\/index.php?rest_route=%2Fwp%2Fv2%2Fmedia&parent=42"}],"curies":[{"name":"wp","href":"https:\/\/api.w.org\/{rel}","templated":true}]}}