{"id":25,"date":"2019-09-25T15:49:51","date_gmt":"2019-09-25T13:49:51","guid":{"rendered":"https:\/\/corbeil-essonnes-environnement.org\/?page_id=25"},"modified":"2026-04-14T10:05:49","modified_gmt":"2026-04-14T08:05:49","slug":"actualites","status":"publish","type":"page","link":"https:\/\/corbeil-essonnes-environnement.org\/","title":{"rendered":"Actualit\u00e9s"},"content":{"rendered":"<div class=\"wpb-content-wrapper\"><p>\u00a0 \u00a0 [vc_row][vc_column width=\u00a0\u00bb1\/2&Prime; css=\u00a0\u00bb.vc_custom_1586677909601{margin-top: -50px !important;}\u00a0\u00bb][vc_column_text]<\/p>\r\n<h2>\u00a0<\/h2>\r\n<h2>\u00a0<\/h2>\r\n<h2><span style=\"color: #000000;\"><em><strong>A la une :<\/strong><\/em><\/span><\/h2>\r\n<ul>\r\n<li>14 avril 2026 : consulter le niveau des <a href=\"https:\/\/www.brgm.fr\/fr\/actualite\/communique-presse\/nappes-eau-souterraine-au-1er-avril-2026\" target=\"_blank\" rel=\"noopener\">nappes d&rsquo;eau souterraine<\/a> au 1er avril 2026.<\/li>\r\n<\/ul>\r\n<ul>\r\n<li><strong>Inondations, submersions marines, s\u00e9cheresse et retrait-gonflement des sols argileux, cyclones et temp\u00eates, gr\u00eale, ou encore pertes agricoles li\u00e9es aux al\u00e9as climatiques\u00a0:<\/strong> le syst\u00e8me assurantiel fran\u00e7ais fait face depuis deux d\u00e9cennies \u00e0 une augmentation des co\u00fbts des sinistres li\u00e9s \u00e0 l\u2019\u00e9volution des risques climatiques. D\u2019ici \u00e0 2050, le changement climatique aggravera encore davantage cette situation. La mission gouvernementale sur l\u2019assurabilit\u00e9 des risques climatiques, \u00e0 laquelle participait le BRGM, a rendu son <a href=\"https:\/\/www.brgm.fr\/fr\/actualite\/actualite\/comment-adapter-secteur-assurance-au-changement-climatique\" target=\"_blank\" rel=\"noopener\">rapport<\/a> le 2 avril 2024.Cette situation pose la question de la soutenabilit\u00e9 du r\u00e9gime d&rsquo;indemnisation des catastrophes naturelles. Il existe \u00e9galement une tentation pour les assureurs de quitter les zones les plus \u00e0 risques.<\/li>\r\n<\/ul>\r\n<p>[\/vc_column_text][vc_column_text][\/vc_column_text][\/vc_column][vc_column width=\u00a0\u00bb1\/2&Prime;][vc_column_text css=\u00a0\u00bb.vc_custom_1618671560540{margin-top: -50px !important;}\u00a0\u00bb]<\/p>\r\n<pre>\u00a0<\/pre>\r\n<h2>\u00a0<\/h2>\r\n<h2>\u00a0<\/h2>\r\n<h2><em>Derni\u00e8res informations :<\/em><\/h2>\r\n<ul>\r\n<li>8 avril 2026 : CEE emet un recours gracieux aupr\u00e8s de Mme la Maire de Corbeil-Essonnes concernant le permis de construire de 178 logements accord\u00e9 le 12 mars 2026 \u00e0 PROMEO IDF sur l&rsquo;<a href=\"https:\/\/corbeil-essonnes-environnement.org\/wp-content\/uploads\/2026\/04\/2026_0408_recours-gracieux-Maire.pdf\" target=\"_blank\" rel=\"noopener\">ancien site Pomchou<\/a> \u00e0 la papeterie<\/li>\r\n<li>Janvier 2026 : Lire l&rsquo;<a href=\"https:\/\/corbeil-essonnes-environnement.org\/wp-content\/uploads\/2026\/01\/2026-01.12-Avis-C-E-E-PPVE-Villabe.pdf\" target=\"_blank\" rel=\"noopener\">avis de CEE<\/a> sur la PPVE Participation du Public par Voie \u00c9lectronique- Projet immobilier Les Coudras &#8211; Cirque de l&rsquo;Essonne &#8211; Villab\u00e9<\/li>\r\n<li>Novembre 2025 : Lire l&rsquo;<a href=\"https:\/\/corbeil-essonnes-environnement.org\/wp-content\/uploads\/2025\/11\/2025_1117_Avis-C-E-E-PPVE.pdf\" target=\"_blank\" rel=\"noopener\">avis de C-E-E<\/a> \/ Participation du Public par Voie \u00c9lectronique &#8211; D\u00e9molition totale d&rsquo;un site occup\u00e9 par l&rsquo;ancienne imprimerie H\u00e9lio (PPVE). \u00a0Nous regrettons que la commune n&rsquo;ait pas rendu ce dossier directement accessible sur la page de garde de son site internet !<\/li>\r\n<li>29 octobre 2025 : veuillez trouver ci-joint le communiqu\u00e9 de Corbeil-Essonnes-Environnement \u00e0 propos de la d\u00e9molition de l&rsquo;ancien <a href=\"https:\/\/corbeil-essonnes-environnement.org\/wp-content\/uploads\/2025\/10\/2025_1029_Texte-Helio.pdf\" target=\"_blank\" rel=\"noopener\">site Helio<\/a><\/li>\r\n<li><img loading=\"lazy\" decoding=\"async\" class=\"alignnone size-large wp-image-3123\" src=\"https:\/\/corbeil-essonnes-environnement.org\/wp-content\/uploads\/2025\/10\/2025_1029_Texte-Helio_800_copie-1024x724.jpg\" alt=\"\" width=\"1024\" height=\"724\" srcset=\"https:\/\/corbeil-essonnes-environnement.org\/wp-content\/uploads\/2025\/10\/2025_1029_Texte-Helio_800_copie-1024x724.jpg 1024w, https:\/\/corbeil-essonnes-environnement.org\/wp-content\/uploads\/2025\/10\/2025_1029_Texte-Helio_800_copie-300x212.jpg 300w, https:\/\/corbeil-essonnes-environnement.org\/wp-content\/uploads\/2025\/10\/2025_1029_Texte-Helio_800_copie-768x543.jpg 768w, https:\/\/corbeil-essonnes-environnement.org\/wp-content\/uploads\/2025\/10\/2025_1029_Texte-Helio_800_copie-1536x1086.jpg 1536w, https:\/\/corbeil-essonnes-environnement.org\/wp-content\/uploads\/2025\/10\/2025_1029_Texte-Helio_800_copie-1320x933.jpg 1320w, https:\/\/corbeil-essonnes-environnement.org\/wp-content\/uploads\/2025\/10\/2025_1029_Texte-Helio_800_copie.jpg 1600w\" sizes=\"auto, (max-width: 1024px) 100vw, 1024px\" \/><\/li>\r\n<li>10 octobre 2025 : data center sur le site INAPA \u00e0 Villab\u00e9, pour votre information lire ci-dessous la <a href=\"https:\/\/corbeil-essonnes-environnement.org\/wp-content\/uploads\/2025\/10\/2025_1010_Villabe-_-questions-reponses-data-center_2-copie.pdf\" target=\"_blank\" rel=\"noopener\">r\u00e9ponse<\/a> de monsieur Karl Dirat maire de Villab\u00e9 suite \u00e0 une question orale lors du conseil municipal de Villab\u00e9 en date du 10 octobre 2025.\r\n<ul>\r\n<li style=\"text-align: center;\"><img loading=\"lazy\" decoding=\"async\" class=\"alignnone size-large wp-image-3106\" src=\"https:\/\/corbeil-essonnes-environnement.org\/wp-content\/uploads\/2025\/10\/2025_1010_Villabe-_-questions-reponses-data-center_2-copie-1-667x1024.jpg\" alt=\"\" width=\"667\" height=\"1024\" srcset=\"https:\/\/corbeil-essonnes-environnement.org\/wp-content\/uploads\/2025\/10\/2025_1010_Villabe-_-questions-reponses-data-center_2-copie-1-667x1024.jpg 667w, https:\/\/corbeil-essonnes-environnement.org\/wp-content\/uploads\/2025\/10\/2025_1010_Villabe-_-questions-reponses-data-center_2-copie-1-195x300.jpg 195w, https:\/\/corbeil-essonnes-environnement.org\/wp-content\/uploads\/2025\/10\/2025_1010_Villabe-_-questions-reponses-data-center_2-copie-1-768x1180.jpg 768w, https:\/\/corbeil-essonnes-environnement.org\/wp-content\/uploads\/2025\/10\/2025_1010_Villabe-_-questions-reponses-data-center_2-copie-1-1000x1536.jpg 1000w, https:\/\/corbeil-essonnes-environnement.org\/wp-content\/uploads\/2025\/10\/2025_1010_Villabe-_-questions-reponses-data-center_2-copie-1.jpg 1099w\" sizes=\"auto, (max-width: 667px) 100vw, 667px\" \/>\u00a0<\/li>\r\n<li>En septembre 2025, nous \u00e9crivions :<\/li>\r\n<li><img loading=\"lazy\" decoding=\"async\" class=\"alignnone size-large wp-image-3074\" src=\"https:\/\/corbeil-essonnes-environnement.org\/wp-content\/uploads\/2025\/09\/2025_0902_CEE_FORUM2025_Panneau_1189x841_PRINT-scaled-1024x734.jpg\" alt=\"\" width=\"1024\" height=\"734\" srcset=\"https:\/\/corbeil-essonnes-environnement.org\/wp-content\/uploads\/2025\/09\/2025_0902_CEE_FORUM2025_Panneau_1189x841_PRINT-scaled-1024x734.jpg 1024w, https:\/\/corbeil-essonnes-environnement.org\/wp-content\/uploads\/2025\/09\/2025_0902_CEE_FORUM2025_Panneau_1189x841_PRINT-scaled-300x215.jpg 300w, https:\/\/corbeil-essonnes-environnement.org\/wp-content\/uploads\/2025\/09\/2025_0902_CEE_FORUM2025_Panneau_1189x841_PRINT-768x551.jpg 768w, https:\/\/corbeil-essonnes-environnement.org\/wp-content\/uploads\/2025\/09\/2025_0902_CEE_FORUM2025_Panneau_1189x841_PRINT-scaled-1536x1101.jpg 1536w, https:\/\/corbeil-essonnes-environnement.org\/wp-content\/uploads\/2025\/09\/2025_0902_CEE_FORUM2025_Panneau_1189x841_PRINT-scaled-2048x1468.jpg 2048w, https:\/\/corbeil-essonnes-environnement.org\/wp-content\/uploads\/2025\/09\/2025_0902_CEE_FORUM2025_Panneau_1189x841_PRINT-scaled-1320x946.jpg 1320w\" sizes=\"auto, (max-width: 1024px) 100vw, 1024px\" \/><\/li>\r\n<\/ul>\r\n<\/li>\r\n<li>24 septembre 2025 : Avis d\u00e9lib\u00e9r\u00e9 de ma MRAe (Mission R\u00e9gionale d&rsquo;Autorit\u00e9 Environnementale \u00cele-de-France) sur le projet de reconversion du site H\u00e9lio \u00e0 Corbeil-Essonnes\r\n<ul>\r\n<li><a href=\"https:\/\/corbeil-essonnes-environnement.org\/wp-content\/uploads\/2025\/09\/2025.09.27-Corbeil-essonnes_91_-reconversion_site_helio-delibere_1.pdf\" target=\"_blank\" rel=\"noopener\">Avis complet<\/a> &#8211; <a href=\"https:\/\/corbeil-essonnes-environnement.org\/wp-content\/uploads\/2025\/09\/2025.09.27-Corbeil-essonnes_91_-reconversion_site_helio-delibere_synthese.pdf\" target=\"_blank\" rel=\"noopener\">synth\u00e8se<\/a><\/li>\r\n<\/ul>\r\n<\/li>\r\n<li>9 septembre 2025 :\r\n<ul>\r\n<li>Le ScoT de GPS doit int\u00e9grer une cartographie pr\u00e9cise des sites d\u2019implantation possible de datacenters et des \u00e9quipements industriels susceptibles de produire de la chaleur r\u00e9cup\u00e9rable, de se conformer aux attendus de la directive europ\u00e9enne du 13 septembre 2023 relative \u00e0 l\u2019efficacit\u00e9 \u00e9nerg\u00e9tique, et de d\u00e9terminer les conditions d\u2019implantation de ces activit\u00e9s \u00e9conomiques en fonction de leurs capacit\u00e9s \u00e0 r\u00e9cup\u00e9rer une partie aussi grande que possible de la chaleur fatale produite, et de ne pas impacter tr\u00e8s n\u00e9gativement (cr\u00e9ation d\u2019il\u00f4t de chaleur \u2013 bruit) la vie des habitants riverains et des usagers des services publics de proximit\u00e9.<br class=\"html-br\" \/>Les collectivit\u00e9s territoriales, qui d\u00e9cideraient malgr\u00e9 tout de permettre des implantations attentatoires aux conditions de vie, pourraient \u00eatre qualifi\u00e9es de criminelles au vu de la gravit\u00e9 des impacts g\u00e9n\u00e9r\u00e9s par ces \u00e9quipements<\/li>\r\n<\/ul>\r\n<\/li>\r\n<li style=\"text-align: left;\">Juillet 2025 : Consultation du public par voie \u00e9lectronique relative au projet de campus de data centers LCP FR DC1 sur les communes du Coudray-Montceaux et de Corbeil_Essonnes\r\n<ul>\r\n<li style=\"text-align: left;\">Observations <a href=\"https:\/\/corbeil-essonnes-environnement.org\/wp-content\/uploads\/2025\/07\/2025_0702_avis-C-E-E-_-APPVE.pdf\" target=\"_blank\" rel=\"noopener\">D\u00c9FAVORABLES<\/a> de Corbeil-Essonnes-Environnement \u00e0 ce projet.\r\n<ul>\r\n<li>\r\n<p>Nous avons publi\u00e9 sur notre site l\u2019avis (dat\u00e9 du 07\/05\/2025) avec recommandations de la MRAe Ile de France, relatif au projet de campus de data centers sur l\u2019ancien site IBM. Suite \u00e0 la proc\u00e9dure tr\u00e8s contestable de consultation du public par voie \u00e9lectrique pendant les vacances, nous avons rendu le 23 juillet un avis <a href=\"https:\/\/corbeil-essonnes-environnement.org\/wp-content\/uploads\/2025\/07\/2025_0702_avis-C-E-E-_-APPVE.pdf\" target=\"_blank\" rel=\"noopener\">d\u00e9favorable<\/a> (ci joint).<\/p>\r\n<p>Nous nous sommes repos\u00e9s sur les recommandations de la MRAe, r\u00e9ellement soucieuse de la sant\u00e9 publique et de la d\u00e9fense de l\u2019environnement, qui demande aux communes du Coudray-Montceaux, de Corbeil-Essonnes de les imposer au promoteur. De m\u00eame, il est demand\u00e9 \u00e0 GPS de consid\u00e9rer les impacts crois\u00e9s des diff\u00e9rents data centers construits ou en cours\u00a0&#8211; Lisses \/ Tigery \/ Corbeil-Essonnes Le Coudray-Montceaux \u2013 et \u00e0 l\u2019\u00e9tat de mettre en place une planification indispensable pour \u00e9viter leur d\u00e9veloppement anarchique.<\/p>\r\n<p>Le maire de Villab\u00e9 a d\u00e9clar\u00e9 en d\u00e9but d\u2019ann\u00e9e, qu\u2019un data center serait construit sur\u00a0 l\u2019ancien site d\u2019Inapa \u00e0 100 m des quartiers de la Papeterie et de la Nacelle.<\/p>\r\n<p>Dans notre courrier au maire de Corbeil-Essonnes du 18 juin 2025, nous lui demandions de se manifester publiquement contre un \u00e9ventuel projet de data center qui pourrait \u00eatre r\u00e9alis\u00e9 sur l\u2019ancien site Inapa de Villab\u00e9.<\/p>\r\n<p><strong>Notre association appelle d\u2019ores et d\u00e9j\u00e0 les habitants de Corbeil-Essonnes \u00e0 s\u2019opposer en masse \u00e0 ce projet.<\/strong><strong>\u00a0<\/strong><\/p>\r\n<p>La d\u00e9mission collective des membres de la MRAe IDF (Mission r\u00e9gionale de l\u2019autorit\u00e9 environnementale d\u2019Ile de France) du 16 juillet 2025 n\u2019est pas une bonne nouvelle pour les habitants d\u2019Ile de France et plus pr\u00e9cis\u00e9ment pour les habitants de GPS et de Corbeil-Essonnes.<\/p>\r\n<p>\u00ab\u00a0<strong><em>Certains estiment que la MRAE fait en r\u00e9alit\u00e9 aussi les frais d\u2019avis jug\u00e9s trop s\u00e9v\u00e8res, ou trop exigeants, notamment sur les questions li\u00e9es \u00e0 la sant\u00e9. Un contentieux larv\u00e9 entre la MRAE et les services de l\u2019Etat d\u00e9concentr\u00e9 existe depuis plusieurs mois. Pour certains observateurs, ce conflit s\u2019inscrirait dans un climat de volont\u00e9 de reprise en main par l\u2019Etat des autorit\u00e9s ind\u00e9pendantes appel\u00e9es \u00e0 s\u2019exprimer sur les questions environnementales. Cet incident intervient en outre dans un contexte de remise en cause d\u00e9sormais r\u00e9guli\u00e8re des imp\u00e9ratifs de la transition \u00e9cologique et \u00e9nerg\u00e9tique, notamment au Parlement (att\u00e9nuation du ZAN, suppression des ZFE, moratoire sur les ENR&amp;R, etc.).<\/em><\/strong>\u00a0\u00bb<\/p>\r\n<p><strong><em>\u00ab Dans le contexte g\u00e9n\u00e9ral de r\u00e9gression acc\u00e9l\u00e9r\u00e9e du droit de l&rsquo;environnement, la Mrae d&rsquo;\u00cele-de-France n&rsquo;est-elle pas la premi\u00e8re pi\u00e8ce du puzzle \u00e0 s&rsquo;effondrer ? N&rsquo;est-ce pas que le d\u00e9but ? \u00bb<\/em><\/strong><\/p>\r\n<\/li>\r\n<\/ul>\r\n<\/li>\r\n<\/ul>\r\n<\/li>\r\n<li>18 juin 2025 : Veuillez trouver ci-dessous notre <a href=\"https:\/\/corbeil-essonnes-environnement.org\/wp-content\/uploads\/2025\/07\/20250709_-courrier-au-maire-terrains-foot-synthetiques-172451.png\" target=\"_blank\" rel=\"noopener\">courrier<\/a> du 18 juin 2025 adress\u00e9 au Maire concernant l&rsquo;implantation de 2 terrains en gazon synth\u00e9tique sur le site du stade de Robinson. Ce courrier est sans r\u00e9ponse \u00e0 ce jour.<img loading=\"lazy\" decoding=\"async\" class=\"alignnone size-full wp-image-3056 aligncenter\" src=\"https:\/\/corbeil-essonnes-environnement.org\/wp-content\/uploads\/2025\/07\/20250709_-courrier-au-maire-terrains-foot-synthetiques-172451.png\" alt=\"\" width=\"483\" height=\"690\" srcset=\"https:\/\/corbeil-essonnes-environnement.org\/wp-content\/uploads\/2025\/07\/20250709_-courrier-au-maire-terrains-foot-synthetiques-172451.png 483w, https:\/\/corbeil-essonnes-environnement.org\/wp-content\/uploads\/2025\/07\/20250709_-courrier-au-maire-terrains-foot-synthetiques-172451-210x300.png 210w\" sizes=\"auto, (max-width: 483px) 100vw, 483px\" \/><\/li>\r\n<\/ul>\r\n<ul class=\"wp-block-list\">\r\n<li style=\"text-align: left;\">Juin 2025 :\r\n<ul>\r\n<li style=\"text-align: left;\">le Siarce pr\u00e9sente la carte des<a href=\"https:\/\/corbeil-essonnes-environnement.org\/wp-content\/uploads\/2025\/06\/2025_0614_carte-zones-Inondables_siarce-copie.jpg\" target=\"_blank\" rel=\"noopener\"> zones inondables<\/a> \u00e0 Corbeil-Essonnes<\/li>\r\n<li style=\"text-align: left;\">un nouveau document : comment r\u00e9duire la <a href=\"https:\/\/corbeil-essonnes-environnement.org\/wp-content\/uploads\/2025\/06\/Vulnerabilite_Maison_Inondation_BAM-1.pdf\" target=\"_blank\" rel=\"noopener\">vuln\u00e9rabilit\u00e9<\/a> de sa maison aux inondations<\/li>\r\n<\/ul>\r\n<\/li>\r\n<li>Mai 2025 : la MRAE publie son avis (<a href=\"https:\/\/corbeil-essonnes-environnement.org\/wp-content\/uploads\/2025\/05\/2025-05-07_corbeil-essonnes_91_data_center_village_delibere_avis-MRAE.pdf\" target=\"_blank\" rel=\"noopener\">Avis no MRAe APJIF-2025-043 du 07\/05\/2025<\/a>) sur sur le projet de construction d\u2019un campus de centres d\u2019h\u00e9bergement de donn\u00e9es informatiques au Coudray-Montceaux et \u00e0 Corbeil-Essonnes (91)<\/li>\r\n<li>La <a href=\"https:\/\/corbeil-essonnes-environnement.org\/wp-content\/uploads\/2025\/05\/Synthese_-202505-07_corbeil-essonnes_91_data_center_village_delibere_avis-MRAE.pdf\" target=\"_blank\" rel=\"noreferrer noopener\">synth\u00e8se<\/a><\/li>\r\n<!-- \/wp:post-content -->\r\n\r\n<!-- wp:list-item -->\r\n<li>les <a href=\"https:\/\/corbeil-essonnes-environnement.org\/wp-content\/uploads\/2025\/05\/recomanadations_-202505-07_corbeil-essonnes_91_data_center_village_delibere_avis-MRAE-2.pdf\" target=\"_blank\" rel=\"noreferrer noopener\">recommandations<\/a><\/li>\r\n<!-- \/wp:list-item --><\/ul>\r\n<!-- \/wp:list -->\r\n<ul>\r\n<li>Avril 2025 : un nouveau dossier en cr\u00e9ation : <a href=\"https:\/\/corbeil-essonnes-environnement.org\/?page_id=2989\" target=\"_blank\" rel=\"noopener\">Data Center et \u00e9nergie<\/a><\/li>\r\n<\/ul>\r\n<div class=\"moz-signature\">\u00a0<\/div>\r\n<p>[\/vc_column_text][\/vc_column][\/vc_row]<\/p>\r\n<p>&nbsp;<\/p>\r\n<ul>\r\n<li style=\"list-style-type: none;\">\r\n<ul>\r\n<li style=\"list-style-type: none;\">\u00a0<\/li>\r\n<\/ul>\r\n<\/li>\r\n<\/ul><\/div>","protected":false},"excerpt":{"rendered":"<p>\u00a0 \u00a0 [vc_row][vc_column width=\u00a0\u00bb1\/2&Prime; css=\u00a0\u00bb.vc_custom_1586677909601{margin-top: -50px !important;}\u00a0\u00bb][vc_column_text] \u00a0 \u00a0 A la une : 14 avril 2026 : consulter le niveau des nappes d&rsquo;eau souterraine au 1er avril 2026. Inondations, submersions marines, s\u00e9cheresse et retrait-gonflement des sols argileux, cyclones et temp\u00eates, gr\u00eale, ou encore pertes agricoles li\u00e9es aux al\u00e9as climatiques\u00a0: le syst\u00e8me assurantiel fran\u00e7ais fait face<br \/><a href=\"https:\/\/corbeil-essonnes-environnement.org\/\" class=\"more\">Lire la suite<\/a><\/p>\n","protected":false},"author":1,"featured_media":0,"parent":0,"menu_order":8,"comment_status":"closed","ping_status":"closed","template":"","meta":{"footnotes":""},"class_list":["post-25","page","type-page","status-publish","hentry"],"_links":{"self":[{"href":"https:\/\/corbeil-essonnes-environnement.org\/index.php?rest_route=\/wp\/v2\/pages\/25","targetHints":{"allow":["GET"]}}],"collection":[{"href":"https:\/\/corbeil-essonnes-environnement.org\/index.php?rest_route=\/wp\/v2\/pages"}],"about":[{"href":"https:\/\/corbeil-essonnes-environnement.org\/index.php?rest_route=\/wp\/v2\/types\/page"}],"author":[{"embeddable":true,"href":"https:\/\/corbeil-essonnes-environnement.org\/index.php?rest_route=\/wp\/v2\/users\/1"}],"replies":[{"embeddable":true,"href":"https:\/\/corbeil-essonnes-environnement.org\/index.php?rest_route=%2Fwp%2Fv2%2Fcomments&post=25"}],"version-history":[{"count":741,"href":"https:\/\/corbeil-essonnes-environnement.org\/index.php?rest_route=\/wp\/v2\/pages\/25\/revisions"}],"predecessor-version":[{"id":3219,"href":"https:\/\/corbeil-essonnes-environnement.org\/index.php?rest_route=\/wp\/v2\/pages\/25\/revisions\/3219"}],"wp:attachment":[{"href":"https:\/\/corbeil-essonnes-environnement.org\/index.php?rest_route=%2Fwp%2Fv2%2Fmedia&parent=25"}],"curies":[{"name":"wp","href":"https:\/\/api.w.org\/{rel}","templated":true}]}}