{"id":228,"date":"2020-04-10T12:10:58","date_gmt":"2020-04-10T10:10:58","guid":{"rendered":"https:\/\/corbeil-essonnes-environnement.org\/?page_id=228"},"modified":"2020-04-22T12:08:13","modified_gmt":"2020-04-22T10:08:13","slug":"agenda21-giec-cop","status":"publish","type":"page","link":"https:\/\/corbeil-essonnes-environnement.org\/?page_id=228","title":{"rendered":"Agenda 21 &#8211; GIEC &#8211; COP"},"content":{"rendered":"<div class=\"wpb-content-wrapper\"><p>[vc_row][vc_column][vc_column_text]<\/p>\n<h3><span id=\"hets\"><b>2009 &#8211; 2014 Participation \u00e0 l&rsquo;agenda 21 <\/b><\/span>du conseil g\u00e9n\u00e9ral de l&rsquo;Essonne<\/h3>\n<ul>\n<li class=\"TabbedPanelsContent\"><span id=\"hets\">Le Conseil G\u00e9n\u00e9ral de l&rsquo;Essonne, vice pr\u00e9sidence du <a href=\"http:\/\/www.essonne.fr\/developpement_durable\/\" target=\"_blank\" rel=\"noopener noreferrer\">developpement durable et solidaire<\/a>, dans le cadre de son activit\u00e9 sur l&rsquo;agenda 21, a \u00e9mit un protocole d&rsquo;engagement des acteurs. L&rsquo;association, \u00e0 l&rsquo;issue de son assembl\u00e9e g\u00e9n\u00e9rale 2008 en date du 3 avril 2009, a d\u00e9cid\u00e9 d&rsquo;adh\u00e9rer \u00e0 ce <a href=\"http:\/\/www.confluence-91.org\/CEE_site\/CG_Agenda 21\/20090404 lettre et protocole.pdf\" target=\"_blank\" rel=\"noopener noreferrer\">protocole<\/a>.<\/span><\/li>\n<li class=\"TabbedPanelsContent\">8 d\u00e9cembre 2011, <a href=\"http:\/\/www.confluence-91.org\/CEE_site\/CG_Agenda 21\/20111208 agenda 21 essonne programme.pdf\">Programme<\/a> de la journ\u00e9e agenda 21 du Conseil G\u00e9n\u00e9ral<\/li>\n<li>Le 13 juin 2014 se tenaient les 1ers ateliers partenariaux de la 3\u00e8me \u00e9tape de l&rsquo;Agenda 21 de l&rsquo;Essonne. <a href=\"http:\/\/www.confluence-91.org\/CEE_site\/CG_Agenda 21\/20140613 Atelier agenda 21 Essonne.pdf\" target=\"_new\" rel=\"noopener noreferrer\">Lire pr\u00e9sentations et compte rendu<\/a>.<\/li>\n<\/ul>\n<h3><strong>2011 &#8211; 2012 Participation \u00e0 l&rsquo;agenda 21 de la ville de Corbeil-Essonnes<\/strong><\/h3>\n<ul>\n<li><span class=\"TabbedPanelsContent\">12 d\u00e9cembre 2011 : Le conseil municipal <a href=\"http:\/\/www.corbeil-essonnes.com\/spip.php?article4088\">d\u00e9cide<\/a>, \u00e0 l\u2019unanimit\u00e9, d\u2019\u00e9laborer l\u2019Agenda 21 de Corbeil-Essonnes.<\/span><\/li>\n<li>CEE participe \u00e0 une r\u00e9union de travail avec le cabinet Inddigo en charge d&rsquo;\u00e9laborer un agenda 21 pour la ville de Corbeil-Essonnes.<\/li>\n<li>Le <a href=\"http:\/\/www.confluence-91.org\/CEE_site\/Agenda 21 et Com xtra municipal dev durable\/20121012 agenda 21 Forum_habitants_251012_VF.pdf\" target=\"_new\" rel=\"noopener noreferrer\">diagnostic<\/a> r\u00e9alis\u00e9 par le cabinet Inddigo a \u00e9t\u00e9 pr\u00e9sent\u00e9 le 25 octobre 2012 a un (trop) petit nombre de personnes, essentiellement des adh\u00e9rents de CEE.<\/li>\n<li>Les organisateurs de l&rsquo;agenda 21 invitent les habitants \u00e0 des r\u00e9unions de partage du diagnostic et de concertation entre le 20 et le 26 novembre, consulter le <a href=\"http:\/\/www.confluence-91.org\/CEE_site\/Agenda 21 et Com xtra municipal dev durable\/20121029 Planning agenda21 RP com V121029.pdf\" target=\"_new\" rel=\"noopener noreferrer\">planning<\/a> de ces r\u00e9unions.<\/li>\n<li>CEE <a href=\"http:\/\/www.confluence-91.org\/CEE_site\/Agenda 21 et Com xtra municipal dev durable\/20121116 agenda 21 ville de Corbeil-Essonnes.pdf\" target=\"_new\" rel=\"noopener noreferrer\">invite<\/a> ses adh\u00e9rents \u00e0 participer au partage du diagnostic et aux r\u00e9unions de concertation.<\/li>\n<\/ul>\n<h3><strong>2012 &#8211; 2013 Participation \u00e0 la commission Extra Municipale \u00ab\u00a0D\u00e9veloppement Durable, Environnement et Cadre de Vie\u00a0\u00bb<\/strong><\/h3>\n<ul>\n<li>CEE participe \u00e0 la commission<\/li>\n<li><a href=\"http:\/\/www.confluence-91.org\/CEE_site\/Agenda 21 et Com xtra municipal dev durable\/20130525_commissionextramunicip_8juin_convocation.pdf\">Convocation<\/a> pour la commission du 8 juin 2013<\/li>\n<li><a href=\"http:\/\/www.confluence-91.org\/CEE_site\/Agenda 21 et Com xtra municipal dev durable\/20120526 Compte rendu commission xtra municipale dev durable.pdf\" target=\"_new\" rel=\"noopener noreferrer\">Ordre du jour et compte rendu du 26 mai 2012<\/a><\/li>\n<li><a href=\"http:\/\/www.confluence-91.org\/CEE_site\/Agenda 21 et Com xtra municipal dev durable\/20121020 Ordre du jour commission dev durable.pdf\" target=\"_new\" rel=\"noopener noreferrer\">Ordre du jour de la commission du 20 octobre 2012<\/a><\/li>\n<\/ul>\n<h3><strong>FNE communique<\/strong> :<\/h3>\n<ul>\n<li>d\u00e9couvrez les actions des associations li\u00e9es aux<a href=\"http:\/\/www.confluence-91.org\/CEE_site\/ENE_IDFE\/150211 FNE decouvrez les actions.pdf\" target=\"_new\" rel=\"noopener noreferrer\"> enjeux<\/a> du climat et de l&rsquo;\u00e9nergie<\/li>\n<\/ul>\n<h3><strong>Rapport GIEC<\/strong><\/h3>\n<ul>\n<li>(Groupe d&rsquo;experts Intergouvernemental sur l\u2019\u00c9volution du Climat) &#8211; Lire le <a href=\"http:\/\/www.confluence-91.org\/CEE_site\/Atmosphere\/201810 Rapport special GIEC - scenarios emissions r.pdf\" target=\"new\" rel=\"noopener noreferrer\">R\u00e9sum\u00e9<\/a> \u00e0 l&rsquo;intention des d\u00e9cideurs<\/li>\n<\/ul>\n<h3><strong>COP21<\/strong> qu&rsquo;est-ce que c&rsquo;est ?<\/h3>\n<ul>\n<li>COP \/ La Conf\u00e9rence des parties est responsable du maintien des efforts internationaux pour faire face aux <a title=\"Changement climatique\" href=\"https:\/\/fr.wikipedia.org\/wiki\/Changement_climatique\">changements climatiques<\/a>.<\/li>\n<li>Paris accueille du 30 novembre au 11 d\u00e9cembre 2015 un grand rendez-vous mondial sur le climat. La Conf\u00e9rence de Paris est la 21e conf\u00e9rence des parties (COP-21) dans le cadre de la Convention-cadre des Nations unies sur les changements climatiques et la 11e conf\u00e9rence des parties si\u00e9geant en tant que R\u00e9union des parties au protocole de Kyoto (CRP-11).<\/li>\n<li>La COP21, sera l&rsquo;une des plus grandes r\u00e9unions internationales.<br \/>\nL&rsquo; enjeu est majeur : contenir le d\u00e9r\u00e8glement climatique qui menace nos soci\u00e9t\u00e9s et nos \u00e9conomies. Cette conf\u00e9rence doit conduire \u00e0 l&rsquo;adoption d&rsquo;un accord universel, qui posera le cadre d&rsquo;une transition vers des soci\u00e9t\u00e9s et des \u00e9conomies sobres en carbone et capables de faire face aux changements climatiques.<\/li>\n<li><a href=\"http:\/\/www.confluence-91.org\/CEE_site\/20151130 COP21\/15090-1_journal-expo-CLIMAT_COP21 opt.pdf\" target=\"_new\" rel=\"noopener noreferrer\">D\u00e9couvrir<\/a> une synth\u00e8se sur cette conf\u00e9rence et ses enjeux.<\/li>\n<li><a href=\"http:\/\/www.lemonde.fr\/cop21\/article\/2015\/12\/12\/cop21-les-points-cles-du-premier-accord-universel-sur-le-climat_4830606_4527432.html\" target=\"_new\" rel=\"noopener noreferrer\">D\u00e9couvrir<\/a> les points cl\u00e9s de l&rsquo;accord universel sur le climat (article du 13\/12 dans Le Monde).<\/li>\n<li>FNE d\u00e9crypte la COP21, lire son <a href=\"http:\/\/www.confluence-91.org\/CEE_site\/20151130 COP21\/20151212 FNE decrypte la COP21.pdf\" target=\"_new\" rel=\"noopener noreferrer\">commentaire<\/a>.<\/li>\n<\/ul>\n<p>[\/vc_column_text][\/vc_column][\/vc_row]<\/p>\n<\/div>","protected":false},"excerpt":{"rendered":"<p>[vc_row][vc_column][vc_column_text] 2009 &#8211; 2014 Participation \u00e0 l&rsquo;agenda 21 du conseil g\u00e9n\u00e9ral de l&rsquo;Essonne Le Conseil G\u00e9n\u00e9ral de l&rsquo;Essonne, vice pr\u00e9sidence du developpement durable et solidaire, dans le cadre de son activit\u00e9 sur l&rsquo;agenda 21, a \u00e9mit un protocole d&rsquo;engagement des acteurs. L&rsquo;association, \u00e0 l&rsquo;issue de son assembl\u00e9e g\u00e9n\u00e9rale 2008 en date du 3 avril 2009,<br \/><a href=\"https:\/\/corbeil-essonnes-environnement.org\/?page_id=228\" class=\"more\">Lire la suite<\/a><\/p>\n","protected":false},"author":1,"featured_media":0,"parent":0,"menu_order":1,"comment_status":"closed","ping_status":"closed","template":"","meta":{"footnotes":""},"class_list":["post-228","page","type-page","status-publish","hentry"],"_links":{"self":[{"href":"https:\/\/corbeil-essonnes-environnement.org\/index.php?rest_route=\/wp\/v2\/pages\/228","targetHints":{"allow":["GET"]}}],"collection":[{"href":"https:\/\/corbeil-essonnes-environnement.org\/index.php?rest_route=\/wp\/v2\/pages"}],"about":[{"href":"https:\/\/corbeil-essonnes-environnement.org\/index.php?rest_route=\/wp\/v2\/types\/page"}],"author":[{"embeddable":true,"href":"https:\/\/corbeil-essonnes-environnement.org\/index.php?rest_route=\/wp\/v2\/users\/1"}],"replies":[{"embeddable":true,"href":"https:\/\/corbeil-essonnes-environnement.org\/index.php?rest_route=%2Fwp%2Fv2%2Fcomments&post=228"}],"version-history":[{"count":0,"href":"https:\/\/corbeil-essonnes-environnement.org\/index.php?rest_route=\/wp\/v2\/pages\/228\/revisions"}],"wp:attachment":[{"href":"https:\/\/corbeil-essonnes-environnement.org\/index.php?rest_route=%2Fwp%2Fv2%2Fmedia&parent=228"}],"curies":[{"name":"wp","href":"https:\/\/api.w.org\/{rel}","templated":true}]}}