{"id":12,"date":"2019-09-25T15:36:25","date_gmt":"2019-09-25T13:36:25","guid":{"rendered":"https:\/\/corbeil-essonnes-environnement.org\/?page_id=12"},"modified":"2026-02-10T17:29:20","modified_gmt":"2026-02-10T16:29:20","slug":"qui-sommes-nous","status":"publish","type":"page","link":"https:\/\/corbeil-essonnes-environnement.org\/?page_id=12","title":{"rendered":"Qui sommes nous"},"content":{"rendered":"<div class=\"wpb-content-wrapper\"><p>[vc_row][vc_column width=\u00a0\u00bb1\/2&Prime;][vc_column_text css=\u00a0\u00bb.vc_custom_1587306424884{margin-top: -80px !important;}\u00a0\u00bb]<\/p>\n<p style=\"text-align: center;\">Acc\u00e9der \u00e0 la pr\u00e9sentation de l&rsquo;association Corbeil-Essonnes-Environnement :<\/p>\n<p style=\"text-align: center;\"><em>cliquez sur le logo de l&rsquo;association ci-dessous<\/em><\/p>\n<p><a href=\"https:\/\/corbeil-essonnes-environnement.org\/?page_id=175\" target=\"_blank\" rel=\"noopener noreferrer\"><img loading=\"lazy\" decoding=\"async\" class=\"size-medium wp-image-10 aligncenter\" src=\"https:\/\/corbeil-essonnes-environnement.org\/wp-content\/uploads\/2019\/09\/logo-cee-500-300x233.jpg\" alt=\"\" width=\"300\" height=\"233\" srcset=\"https:\/\/corbeil-essonnes-environnement.org\/wp-content\/uploads\/2019\/09\/logo-cee-500-300x233.jpg 300w, https:\/\/corbeil-essonnes-environnement.org\/wp-content\/uploads\/2019\/09\/logo-cee-500.jpg 500w\" sizes=\"auto, (max-width: 300px) 100vw, 300px\" \/><\/a>[\/vc_column_text][\/vc_column][vc_column width=\u00a0\u00bb1\/2&Prime;][vc_column_text css=\u00a0\u00bb.vc_custom_1770740956405{margin-top: -80px !important;}\u00a0\u00bb]<\/p>\n<p style=\"text-align: center;\">Comment fonctionne l&rsquo;association :<\/p>\n<p style=\"text-align: center;\"><em>cliquez ci-dessous<\/em><\/p>\n<p style=\"text-align: center;\"><a href=\"https:\/\/corbeil-essonnes-environnement.org\/?page_id=85\" target=\"_blank\" rel=\"noopener noreferrer\">Administration de l&rsquo;association<\/a> (pour tous)<\/p>\n<p>&nbsp;<\/p>\n<p><span class=\"st\"> R\u00e8glement g\u00e9n\u00e9ral sur la protection des donn\u00e9es (RGPD) :<br \/>\n<\/span><\/p>\n<p>L&rsquo;association Corbeil-Essonnes-Environnement enregistre<\/p>\n<p>les donn\u00e9es personnelles suivantes :<\/p>\n<ul>\n<li>nom, pr\u00e9nom, adresse postale<\/li>\n<li>adresse courriel, num\u00e9ro de t\u00e9l\u00e9phone, statut au regard de l&rsquo;association : adh\u00e9rents, sympathisants ou simple contact<\/li>\n<\/ul>\n<p>Ces donn\u00e9es sont exclusivement utilis\u00e9es par l&rsquo;association aux fins de communication par courriel, courrier ou t\u00e9l\u00e9phone.<\/p>\n<p>L&rsquo;association ne communique pas ces donn\u00e9es en dehors de l&rsquo;association.<\/p>\n<p>Toute personne peut demander la suppression de ses donn\u00e9es personnelles par simple demande \u00e0 l&rsquo;adresse mail de l&rsquo;association et son retrait des listes de distribution[\/vc_column_text][\/vc_column][\/vc_row]<\/p>\n<\/div>","protected":false},"excerpt":{"rendered":"<p>[vc_row][vc_column width=\u00a0\u00bb1\/2&Prime;][vc_column_text css=\u00a0\u00bb.vc_custom_1587306424884{margin-top: -80px !important;}\u00a0\u00bb] Acc\u00e9der \u00e0 la pr\u00e9sentation de l&rsquo;association Corbeil-Essonnes-Environnement : cliquez sur le logo de l&rsquo;association ci-dessous [\/vc_column_text][\/vc_column][vc_column width=\u00a0\u00bb1\/2&Prime;][vc_column_text css=\u00a0\u00bb.vc_custom_1770740956405{margin-top: -80px !important;}\u00a0\u00bb] Comment fonctionne l&rsquo;association : cliquez ci-dessous Administration de l&rsquo;association (pour tous) &nbsp; R\u00e8glement g\u00e9n\u00e9ral sur la protection des donn\u00e9es (RGPD) : L&rsquo;association Corbeil-Essonnes-Environnement enregistre les donn\u00e9es personnelles suivantes : nom,<br \/><a href=\"https:\/\/corbeil-essonnes-environnement.org\/?page_id=12\" class=\"more\">Lire la suite<\/a><\/p>\n","protected":false},"author":1,"featured_media":0,"parent":0,"menu_order":23,"comment_status":"closed","ping_status":"closed","template":"","meta":{"footnotes":""},"class_list":["post-12","page","type-page","status-publish","hentry"],"_links":{"self":[{"href":"https:\/\/corbeil-essonnes-environnement.org\/index.php?rest_route=\/wp\/v2\/pages\/12","targetHints":{"allow":["GET"]}}],"collection":[{"href":"https:\/\/corbeil-essonnes-environnement.org\/index.php?rest_route=\/wp\/v2\/pages"}],"about":[{"href":"https:\/\/corbeil-essonnes-environnement.org\/index.php?rest_route=\/wp\/v2\/types\/page"}],"author":[{"embeddable":true,"href":"https:\/\/corbeil-essonnes-environnement.org\/index.php?rest_route=\/wp\/v2\/users\/1"}],"replies":[{"embeddable":true,"href":"https:\/\/corbeil-essonnes-environnement.org\/index.php?rest_route=%2Fwp%2Fv2%2Fcomments&post=12"}],"version-history":[{"count":1,"href":"https:\/\/corbeil-essonnes-environnement.org\/index.php?rest_route=\/wp\/v2\/pages\/12\/revisions"}],"predecessor-version":[{"id":3201,"href":"https:\/\/corbeil-essonnes-environnement.org\/index.php?rest_route=\/wp\/v2\/pages\/12\/revisions\/3201"}],"wp:attachment":[{"href":"https:\/\/corbeil-essonnes-environnement.org\/index.php?rest_route=%2Fwp%2Fv2%2Fmedia&parent=12"}],"curies":[{"name":"wp","href":"https:\/\/api.w.org\/{rel}","templated":true}]}}