{"id":1064,"date":"2020-04-25T12:13:27","date_gmt":"2020-04-25T10:13:27","guid":{"rendered":"https:\/\/corbeil-essonnes-environnement.org\/?page_id=1064"},"modified":"2024-04-09T16:42:05","modified_gmt":"2024-04-09T14:42:05","slug":"acces-ca","status":"publish","type":"page","link":"https:\/\/corbeil-essonnes-environnement.org\/?page_id=1064","title":{"rendered":"Acc\u00e8s r\u00e9serv\u00e9 conseil d&rsquo;administration"},"content":{"rendered":"<div class=\"swpm-post-not-logged-in-msg\">You need to be logged in to view this content. Veuillez <a class=\"swpm-login-link\" href=\"https:\/\/corbeil-essonnes-environnement.org\/?page_id=1128\">Log In<\/a>. Not a Member? <a href=\"https:\/\/corbeil-essonnes-environnement.org\/?page_id=1125\">Nous Rejoindre<\/a><\/div>","protected":false},"excerpt":{"rendered":"<p>You need to be logged in to view this content. Veuillez Log In. Not a Member? Nous Rejoindre<br \/><a href=\"https:\/\/corbeil-essonnes-environnement.org\/?page_id=1064\" class=\"more\">Lire la suite<\/a><\/p>\n","protected":false},"author":1,"featured_media":0,"parent":0,"menu_order":0,"comment_status":"closed","ping_status":"closed","template":"","meta":{"footnotes":""},"class_list":["post-1064","page","type-page","status-publish","hentry"],"_links":{"self":[{"href":"https:\/\/corbeil-essonnes-environnement.org\/index.php?rest_route=\/wp\/v2\/pages\/1064","targetHints":{"allow":["GET"]}}],"collection":[{"href":"https:\/\/corbeil-essonnes-environnement.org\/index.php?rest_route=\/wp\/v2\/pages"}],"about":[{"href":"https:\/\/corbeil-essonnes-environnement.org\/index.php?rest_route=\/wp\/v2\/types\/page"}],"author":[{"embeddable":true,"href":"https:\/\/corbeil-essonnes-environnement.org\/index.php?rest_route=\/wp\/v2\/users\/1"}],"replies":[{"embeddable":true,"href":"https:\/\/corbeil-essonnes-environnement.org\/index.php?rest_route=%2Fwp%2Fv2%2Fcomments&post=1064"}],"version-history":[{"count":2,"href":"https:\/\/corbeil-essonnes-environnement.org\/index.php?rest_route=\/wp\/v2\/pages\/1064\/revisions"}],"predecessor-version":[{"id":2591,"href":"https:\/\/corbeil-essonnes-environnement.org\/index.php?rest_route=\/wp\/v2\/pages\/1064\/revisions\/2591"}],"wp:attachment":[{"href":"https:\/\/corbeil-essonnes-environnement.org\/index.php?rest_route=%2Fwp%2Fv2%2Fmedia&parent=1064"}],"curies":[{"name":"wp","href":"https:\/\/api.w.org\/{rel}","templated":true}]}}